{"id":40,"date":"2025-02-18T13:29:04","date_gmt":"2025-02-18T13:29:04","guid":{"rendered":"https:\/\/www.colombiamedicaltours.com\/?page_id=40"},"modified":"2025-02-28T21:39:46","modified_gmt":"2025-02-28T21:39:46","slug":"about-us","status":"publish","type":"page","link":"https:\/\/www.colombiamedicaltours.com\/es\/about-us\/","title":{"rendered":"Sobre nosotros"},"content":{"rendered":"<div data-elementor-type=\"wp-page\" data-elementor-id=\"40\" class=\"elementor elementor-40\" data-elementor-post-type=\"page\">\n\t\t\t\t<div class=\"elementor-element elementor-element-850fb58 e-flex e-con-boxed e-con e-parent\" data-id=\"850fb58\" data-element_type=\"container\" data-e-type=\"container\" data-settings=\"{&quot;background_background&quot;:&quot;gradient&quot;,&quot;shape_divider_bottom&quot;:&quot;mountains&quot;}\">\n\t\t\t\t\t<div class=\"e-con-inner\">\n\t\t\t\t<div class=\"elementor-shape elementor-shape-bottom\" aria-hidden=\"true\" data-negative=\"false\">\n\t\t\t<svg xmlns=\"http:\/\/www.w3.org\/2000\/svg\" viewbox=\"0 0 1000 100\" preserveaspectratio=\"none\">\n\t<path class=\"elementor-shape-fill\" opacity=\"0.33\" d=\"M473,67.3c-203.9,88.3-263.1-34-320.3,0C66,119.1,0,59.7,0,59.7V0h1000v59.7 c0,0-62.1,26.1-94.9,29.3c-32.8,3.3-62.8-12.3-75.8-22.1C806,49.6,745.3,8.7,694.9,4.7S492.4,59,473,67.3z\"\/>\n\t<path class=\"elementor-shape-fill\" opacity=\"0.66\" d=\"M734,67.3c-45.5,0-77.2-23.2-129.1-39.1c-28.6-8.7-150.3-10.1-254,39.1 s-91.7-34.4-149.2,0C115.7,118.3,0,39.8,0,39.8V0h1000v36.5c0,0-28.2-18.5-92.1-18.5C810.2,18.1,775.7,67.3,734,67.3z\"\/>\n\t<path class=\"elementor-shape-fill\" d=\"M766.1,28.9c-200-57.5-266,65.5-395.1,19.5C242,1.8,242,5.4,184.8,20.6C128,35.8,132.3,44.9,89.9,52.5C28.6,63.7,0,0,0,0 h1000c0,0-9.9,40.9-83.6,48.1S829.6,47,766.1,28.9z\"\/>\n<\/svg>\t\t<\/div>\n\t\t<div class=\"elementor-element elementor-element-d59a6df e-grid e-con-full e-con e-child\" data-id=\"d59a6df\" data-element_type=\"container\" data-e-type=\"container\">\n\t\t\t\t<div class=\"elementor-element elementor-element-9527020 elementor-widget elementor-widget-heading\" data-id=\"9527020\" data-element_type=\"widget\" data-e-type=\"widget\" data-widget_type=\"heading.default\">\n\t\t\t\t<div class=\"elementor-widget-container\">\n\t\t\t\t\t<h1 class=\"elementor-heading-title elementor-size-default\">Sobre nosotros<\/h1>\t\t\t\t<\/div>\n\t\t\t\t<\/div>\n\t\t\t\t<div class=\"elementor-element elementor-element-0c659ab elementor-widget elementor-widget-text-editor\" data-id=\"0c659ab\" data-element_type=\"widget\" data-e-type=\"widget\" data-widget_type=\"text-editor.default\">\n\t\t\t\t<div class=\"elementor-widget-container\">\n\t\t\t\t\t\t\t\t\t<p>Somos Colombia, Somos salud, Somos turismo<\/p>\t\t\t\t\t\t\t\t<\/div>\n\t\t\t\t<\/div>\n\t\t\t\t<\/div>\n\t\t\t\t\t<\/div>\n\t\t\t\t<\/div>\n\t\t<div class=\"elementor-element elementor-element-513ba62 e-flex e-con-boxed e-con e-parent\" data-id=\"513ba62\" data-element_type=\"container\" data-e-type=\"container\">\n\t\t\t\t\t<div class=\"e-con-inner\">\n\t\t<div class=\"elementor-element elementor-element-a854259 e-con-full e-flex e-con e-child\" data-id=\"a854259\" data-element_type=\"container\" data-e-type=\"container\">\n\t\t\t\t<div class=\"elementor-element elementor-element-2aa3041 elementor-widget elementor-widget-text-editor\" data-id=\"2aa3041\" data-element_type=\"widget\" data-e-type=\"widget\" data-widget_type=\"text-editor.default\">\n\t\t\t\t<div class=\"elementor-widget-container\">\n\t\t\t\t\t\t\t\t\t<p>Bienvenidos a <strong>ColombiaMedicalTours.com<\/strong>, su principal destino para servicios integrales de viajes m\u00e9dicos. Nos especializamos en brindar una soluci\u00f3n integral que centraliza cada aspecto de su viaje de atenci\u00f3n m\u00e9dica en Cali, Colombia, incluyendo nuestra extensa red de hospitales, hoteles, actividades tur\u00edsticas, transporte y m\u00e1s.<\/p>\t\t\t\t\t\t\t\t<\/div>\n\t\t\t\t<\/div>\n\t\t\t\t<\/div>\n\t\t<div class=\"elementor-element elementor-element-cbe1f46 e-con-full e-flex e-con e-child\" data-id=\"cbe1f46\" data-element_type=\"container\" data-e-type=\"container\" data-settings=\"{&quot;background_background&quot;:&quot;classic&quot;}\">\n\t\t\t\t<\/div>\n\t\t\t\t\t<\/div>\n\t\t\t\t<\/div>\n\t\t<div class=\"elementor-element elementor-element-8a5c479 e-flex e-con-boxed e-con e-parent\" data-id=\"8a5c479\" data-element_type=\"container\" data-e-type=\"container\">\n\t\t\t\t\t<div class=\"e-con-inner\">\n\t\t<div class=\"elementor-element elementor-element-1757465 e-con-full e-flex e-con e-child\" data-id=\"1757465\" data-element_type=\"container\" data-e-type=\"container\">\n\t\t\t\t<div class=\"elementor-element elementor-element-bec7a8b elementor-widget elementor-widget-heading\" data-id=\"bec7a8b\" data-element_type=\"widget\" data-e-type=\"widget\" data-widget_type=\"heading.default\">\n\t\t\t\t<div class=\"elementor-widget-container\">\n\t\t\t\t\t<h2 class=\"elementor-heading-title elementor-size-default\">Nuestra Misi\u00f3n<\/h2>\t\t\t\t<\/div>\n\t\t\t\t<\/div>\n\t\t\t\t<div class=\"elementor-element elementor-element-5cba078 elementor-widget elementor-widget-text-editor\" data-id=\"5cba078\" data-element_type=\"widget\" data-e-type=\"widget\" data-widget_type=\"text-editor.default\">\n\t\t\t\t<div class=\"elementor-widget-container\">\n\t\t\t\t\t\t\t\t\t<p>Nos enfocamos en brindar tratamientos seguros, innovadores y accesibles, apoyados en un equipo de profesionales altamente calificados, infraestructura de primer nivel y servicio personalizado, contribuyendo as\u00ed al posicionamiento de nuestra ciudad como destino l\u00edder en turismo m\u00e9dico.<\/p>\t\t\t\t\t\t\t\t<\/div>\n\t\t\t\t<\/div>\n\t\t\t\t<\/div>\n\t\t<div class=\"elementor-element elementor-element-b49663f e-con-full e-flex e-con e-child\" data-id=\"b49663f\" data-element_type=\"container\" data-e-type=\"container\" data-settings=\"{&quot;background_background&quot;:&quot;classic&quot;}\">\n\t\t\t\t<\/div>\n\t\t\t\t\t<\/div>\n\t\t\t\t<\/div>\n\t\t<div class=\"elementor-element elementor-element-72d4665 e-flex e-con-boxed e-con e-parent\" data-id=\"72d4665\" data-element_type=\"container\" data-e-type=\"container\">\n\t\t\t\t\t<div class=\"e-con-inner\">\n\t\t<div class=\"elementor-element elementor-element-54c3a68 e-con-full e-flex e-con e-child\" data-id=\"54c3a68\" data-element_type=\"container\" data-e-type=\"container\">\n\t\t\t\t<div class=\"elementor-element elementor-element-c968abd elementor-widget elementor-widget-heading\" data-id=\"c968abd\" data-element_type=\"widget\" data-e-type=\"widget\" data-widget_type=\"heading.default\">\n\t\t\t\t<div class=\"elementor-widget-container\">\n\t\t\t\t\t<h2 class=\"elementor-heading-title elementor-size-default\">Nuestra Visi\u00f3n<\/h2>\t\t\t\t<\/div>\n\t\t\t\t<\/div>\n\t\t\t\t<div class=\"elementor-element elementor-element-26ea137 elementor-widget elementor-widget-text-editor\" data-id=\"26ea137\" data-element_type=\"widget\" data-e-type=\"widget\" data-widget_type=\"text-editor.default\">\n\t\t\t\t<div class=\"elementor-widget-container\">\n\t\t\t\t\t\t\t\t\t<p>Posicionar a Cali como un destino de referencia en turismo m\u00e9dico a nivel nacional e internacional, ofreciendo servicios de salud de clase mundial con tecnolog\u00eda de punta, atenci\u00f3n personalizada y excelencia profesional. Buscamos consolidarnos como un centro integral de bienestar, donde la medicina de alta calidad se combina con la riqueza cultural, tur\u00edstica y hospitalaria de la regi\u00f3n, atrayendo a pacientes de todo el mundo y contribuyendo al desarrollo econ\u00f3mico y social de la ciudad.<\/p>\t\t\t\t\t\t\t\t<\/div>\n\t\t\t\t<\/div>\n\t\t\t\t<\/div>\n\t\t<div class=\"elementor-element elementor-element-1551bdf e-con-full e-flex e-con e-child\" data-id=\"1551bdf\" data-element_type=\"container\" data-e-type=\"container\" data-settings=\"{&quot;background_background&quot;:&quot;classic&quot;}\">\n\t\t\t\t<\/div>\n\t\t\t\t\t<\/div>\n\t\t\t\t<\/div>\n\t\t<div class=\"elementor-element elementor-element-456daee e-flex e-con-boxed e-con e-parent\" data-id=\"456daee\" data-element_type=\"container\" data-e-type=\"container\">\n\t\t\t\t\t<div class=\"e-con-inner\">\n\t\t<div class=\"elementor-element elementor-element-760c262 e-con-full e-flex e-con e-child\" data-id=\"760c262\" data-element_type=\"container\" data-e-type=\"container\">\n\t\t\t\t<div class=\"elementor-element elementor-element-d78b990 elementor-widget elementor-widget-heading\" data-id=\"d78b990\" data-element_type=\"widget\" data-e-type=\"widget\" data-widget_type=\"heading.default\">\n\t\t\t\t<div class=\"elementor-widget-container\">\n\t\t\t\t\t<h2 class=\"elementor-heading-title elementor-size-default\">Tu salud, nuestra prioridad<\/h2>\t\t\t\t<\/div>\n\t\t\t\t<\/div>\n\t\t\t\t<div class=\"elementor-element elementor-element-813fc64 elementor-widget elementor-widget-text-editor\" data-id=\"813fc64\" data-element_type=\"widget\" data-e-type=\"widget\" data-widget_type=\"text-editor.default\">\n\t\t\t\t<div class=\"elementor-widget-container\">\n\t\t\t\t\t\t\t\t\t<p data-start=\"1548\" data-end=\"1782\">Desde el momento en que nos contacta hasta su recuperaci\u00f3n, le garantizamos una experiencia profesional y sin estr\u00e9s. En Colombia Medical Tours, no solo ofrecemos tratamientos, sino una nueva oportunidad para su salud y bienestar.<\/p><p data-start=\"1784\" data-end=\"1875\">\ud83d\udcde \u00a1Cont\u00e1ctanos hoy para comenzar tu viaje hacia una atenci\u00f3n m\u00e9dica de alta calidad en Colombia!<\/p>\t\t\t\t\t\t\t\t<\/div>\n\t\t\t\t<\/div>\n\t\t\t\t<\/div>\n\t\t\t\t\t<\/div>\n\t\t\t\t<\/div>\n\t\t\t\t<\/div>","protected":false},"excerpt":{"rendered":"<p>About Us We are Colombia, We are health, We are tour Welcome to ColombiaMedicalTours.com, your premier destination for comprehensive medical travel services. We specialize in providing a complete end-to-end solution that centralizes every aspect of your healthcare journey in Cali, Colombia, including our extensive network of hospitals, hotels, tourism activities, transportation, and more. Our Mission [&hellip;]<\/p>\n","protected":false},"author":1,"featured_media":0,"parent":0,"menu_order":3,"comment_status":"closed","ping_status":"closed","template":"elementor_header_footer","meta":{"footnotes":""},"class_list":["post-40","page","type-page","status-publish","hentry"],"yoast_head":"<!-- This site is optimized with the Yoast SEO plugin v27.3 - https:\/\/yoast.com\/product\/yoast-seo-wordpress\/ -->\n<title>About Us - Colombia Medical Tours<\/title>\n<meta name=\"robots\" content=\"index, follow, max-snippet:-1, max-image-preview:large, max-video-preview:-1\" \/>\n<link rel=\"canonical\" href=\"https:\/\/www.colombiamedicaltours.com\/es\/about-us\/\" \/>\n<meta property=\"og:locale\" content=\"es_ES\" \/>\n<meta property=\"og:type\" content=\"article\" \/>\n<meta property=\"og:title\" content=\"About Us - Colombia Medical Tours\" \/>\n<meta property=\"og:description\" content=\"About Us We are Colombia, We are health, We are tour Welcome to ColombiaMedicalTours.com, your premier destination for comprehensive medical travel services. We specialize in providing a complete end-to-end solution that centralizes every aspect of your healthcare journey in Cali, Colombia, including our extensive network of hospitals, hotels, tourism activities, transportation, and more. Our Mission [&hellip;]\" \/>\n<meta property=\"og:url\" content=\"https:\/\/www.colombiamedicaltours.com\/es\/about-us\/\" \/>\n<meta property=\"og:site_name\" content=\"Colombia Medical Tours\" \/>\n<meta property=\"article:modified_time\" content=\"2025-02-28T21:39:46+00:00\" \/>\n<meta property=\"og:image\" content=\"https:\/\/www.colombiamedicaltours.com\/wp-content\/uploads\/2025\/02\/cropped-COLOMBIA-MEDICAL-TOURS-.COM-OFICIAL-2.png\" \/>\n\t<meta property=\"og:image:width\" content=\"512\" \/>\n\t<meta property=\"og:image:height\" content=\"512\" \/>\n\t<meta property=\"og:image:type\" content=\"image\/png\" \/>\n<meta name=\"twitter:card\" content=\"summary_large_image\" \/>\n<meta name=\"twitter:label1\" content=\"Tiempo de lectura\" \/>\n\t<meta name=\"twitter:data1\" content=\"1 minuto\" \/>\n<script type=\"application\/ld+json\" class=\"yoast-schema-graph\">{\"@context\":\"https:\\\/\\\/schema.org\",\"@graph\":[{\"@type\":\"WebPage\",\"@id\":\"https:\\\/\\\/www.colombiamedicaltours.com\\\/about-us\\\/\",\"url\":\"https:\\\/\\\/www.colombiamedicaltours.com\\\/about-us\\\/\",\"name\":\"About Us - Colombia Medical Tours\",\"isPartOf\":{\"@id\":\"https:\\\/\\\/www.colombiamedicaltours.com\\\/#website\"},\"datePublished\":\"2025-02-18T13:29:04+00:00\",\"dateModified\":\"2025-02-28T21:39:46+00:00\",\"breadcrumb\":{\"@id\":\"https:\\\/\\\/www.colombiamedicaltours.com\\\/about-us\\\/#breadcrumb\"},\"inLanguage\":\"es\",\"potentialAction\":[{\"@type\":\"ReadAction\",\"target\":[\"https:\\\/\\\/www.colombiamedicaltours.com\\\/about-us\\\/\"]}]},{\"@type\":\"BreadcrumbList\",\"@id\":\"https:\\\/\\\/www.colombiamedicaltours.com\\\/about-us\\\/#breadcrumb\",\"itemListElement\":[{\"@type\":\"ListItem\",\"position\":1,\"name\":\"Portada\",\"item\":\"https:\\\/\\\/www.colombiamedicaltours.com\\\/\"},{\"@type\":\"ListItem\",\"position\":2,\"name\":\"About Us\"}]},{\"@type\":\"WebSite\",\"@id\":\"https:\\\/\\\/www.colombiamedicaltours.com\\\/#website\",\"url\":\"https:\\\/\\\/www.colombiamedicaltours.com\\\/\",\"name\":\"Colombia Medical Tours\",\"description\":\"Colombia Medical Tours ofrece servicios de turismo m\u00e9dico en Colombia, conectando a pacientes internacionales con profesionales de la salud de alta calidad. Brindan tratamientos est\u00e9ticos, odontol\u00f3gicos y m\u00e9dicos, con atenci\u00f3n personalizada y segura durante todo el proceso.\",\"publisher\":{\"@id\":\"https:\\\/\\\/www.colombiamedicaltours.com\\\/#organization\"},\"alternateName\":\"CMT\",\"potentialAction\":[{\"@type\":\"SearchAction\",\"target\":{\"@type\":\"EntryPoint\",\"urlTemplate\":\"https:\\\/\\\/www.colombiamedicaltours.com\\\/?s={search_term_string}\"},\"query-input\":{\"@type\":\"PropertyValueSpecification\",\"valueRequired\":true,\"valueName\":\"search_term_string\"}}],\"inLanguage\":\"es\"},{\"@type\":\"Organization\",\"@id\":\"https:\\\/\\\/www.colombiamedicaltours.com\\\/#organization\",\"name\":\"Colombia Medical Tours\",\"alternateName\":\"CMT\",\"url\":\"https:\\\/\\\/www.colombiamedicaltours.com\\\/\",\"logo\":{\"@type\":\"ImageObject\",\"inLanguage\":\"es\",\"@id\":\"https:\\\/\\\/www.colombiamedicaltours.com\\\/#\\\/schema\\\/logo\\\/image\\\/\",\"url\":\"https:\\\/\\\/www.colombiamedicaltours.com\\\/wp-content\\\/uploads\\\/2025\\\/02\\\/cropped-COLOMBIA-MEDICAL-TOURS-.COM-OFICIAL-2.png\",\"contentUrl\":\"https:\\\/\\\/www.colombiamedicaltours.com\\\/wp-content\\\/uploads\\\/2025\\\/02\\\/cropped-COLOMBIA-MEDICAL-TOURS-.COM-OFICIAL-2.png\",\"width\":512,\"height\":512,\"caption\":\"Colombia Medical Tours\"},\"image\":{\"@id\":\"https:\\\/\\\/www.colombiamedicaltours.com\\\/#\\\/schema\\\/logo\\\/image\\\/\"}}]}<\/script>\n<!-- \/ Yoast SEO plugin. -->","yoast_head_json":{"title":"About Us - Colombia Medical Tours","robots":{"index":"index","follow":"follow","max-snippet":"max-snippet:-1","max-image-preview":"max-image-preview:large","max-video-preview":"max-video-preview:-1"},"canonical":"https:\/\/www.colombiamedicaltours.com\/es\/about-us\/","og_locale":"es_ES","og_type":"article","og_title":"About Us - Colombia Medical Tours","og_description":"About Us We are Colombia, We are health, We are tour Welcome to ColombiaMedicalTours.com, your premier destination for comprehensive medical travel services. We specialize in providing a complete end-to-end solution that centralizes every aspect of your healthcare journey in Cali, Colombia, including our extensive network of hospitals, hotels, tourism activities, transportation, and more. Our Mission [&hellip;]","og_url":"https:\/\/www.colombiamedicaltours.com\/es\/about-us\/","og_site_name":"Colombia Medical Tours","article_modified_time":"2025-02-28T21:39:46+00:00","og_image":[{"width":512,"height":512,"url":"https:\/\/www.colombiamedicaltours.com\/wp-content\/uploads\/2025\/02\/cropped-COLOMBIA-MEDICAL-TOURS-.COM-OFICIAL-2.png","type":"image\/png"}],"twitter_card":"summary_large_image","twitter_misc":{"Tiempo de lectura":"1 minuto"},"schema":{"@context":"https:\/\/schema.org","@graph":[{"@type":"WebPage","@id":"https:\/\/www.colombiamedicaltours.com\/about-us\/","url":"https:\/\/www.colombiamedicaltours.com\/about-us\/","name":"About Us - Colombia Medical Tours","isPartOf":{"@id":"https:\/\/www.colombiamedicaltours.com\/#website"},"datePublished":"2025-02-18T13:29:04+00:00","dateModified":"2025-02-28T21:39:46+00:00","breadcrumb":{"@id":"https:\/\/www.colombiamedicaltours.com\/about-us\/#breadcrumb"},"inLanguage":"es","potentialAction":[{"@type":"ReadAction","target":["https:\/\/www.colombiamedicaltours.com\/about-us\/"]}]},{"@type":"BreadcrumbList","@id":"https:\/\/www.colombiamedicaltours.com\/about-us\/#breadcrumb","itemListElement":[{"@type":"ListItem","position":1,"name":"Portada","item":"https:\/\/www.colombiamedicaltours.com\/"},{"@type":"ListItem","position":2,"name":"About Us"}]},{"@type":"WebSite","@id":"https:\/\/www.colombiamedicaltours.com\/#website","url":"https:\/\/www.colombiamedicaltours.com\/","name":"Colombia Medical Tours","description":"Colombia Medical Tours ofrece servicios de turismo m\u00e9dico en Colombia, conectando a pacientes internacionales con profesionales de la salud de alta calidad. Brindan tratamientos est\u00e9ticos, odontol\u00f3gicos y m\u00e9dicos, con atenci\u00f3n personalizada y segura durante todo el proceso.","publisher":{"@id":"https:\/\/www.colombiamedicaltours.com\/#organization"},"alternateName":"CMT","potentialAction":[{"@type":"SearchAction","target":{"@type":"EntryPoint","urlTemplate":"https:\/\/www.colombiamedicaltours.com\/?s={search_term_string}"},"query-input":{"@type":"PropertyValueSpecification","valueRequired":true,"valueName":"search_term_string"}}],"inLanguage":"es"},{"@type":"Organization","@id":"https:\/\/www.colombiamedicaltours.com\/#organization","name":"Colombia Medical Tours","alternateName":"CMT","url":"https:\/\/www.colombiamedicaltours.com\/","logo":{"@type":"ImageObject","inLanguage":"es","@id":"https:\/\/www.colombiamedicaltours.com\/#\/schema\/logo\/image\/","url":"https:\/\/www.colombiamedicaltours.com\/wp-content\/uploads\/2025\/02\/cropped-COLOMBIA-MEDICAL-TOURS-.COM-OFICIAL-2.png","contentUrl":"https:\/\/www.colombiamedicaltours.com\/wp-content\/uploads\/2025\/02\/cropped-COLOMBIA-MEDICAL-TOURS-.COM-OFICIAL-2.png","width":512,"height":512,"caption":"Colombia Medical Tours"},"image":{"@id":"https:\/\/www.colombiamedicaltours.com\/#\/schema\/logo\/image\/"}}]}},"_links":{"self":[{"href":"https:\/\/www.colombiamedicaltours.com\/es\/wp-json\/wp\/v2\/pages\/40","targetHints":{"allow":["GET"]}}],"collection":[{"href":"https:\/\/www.colombiamedicaltours.com\/es\/wp-json\/wp\/v2\/pages"}],"about":[{"href":"https:\/\/www.colombiamedicaltours.com\/es\/wp-json\/wp\/v2\/types\/page"}],"author":[{"embeddable":true,"href":"https:\/\/www.colombiamedicaltours.com\/es\/wp-json\/wp\/v2\/users\/1"}],"replies":[{"embeddable":true,"href":"https:\/\/www.colombiamedicaltours.com\/es\/wp-json\/wp\/v2\/comments?post=40"}],"version-history":[{"count":65,"href":"https:\/\/www.colombiamedicaltours.com\/es\/wp-json\/wp\/v2\/pages\/40\/revisions"}],"predecessor-version":[{"id":1266,"href":"https:\/\/www.colombiamedicaltours.com\/es\/wp-json\/wp\/v2\/pages\/40\/revisions\/1266"}],"wp:attachment":[{"href":"https:\/\/www.colombiamedicaltours.com\/es\/wp-json\/wp\/v2\/media?parent=40"}],"curies":[{"name":"wp","href":"https:\/\/api.w.org\/{rel}","templated":true}]}}