{"id":38,"date":"2025-02-18T13:28:05","date_gmt":"2025-02-18T13:28:05","guid":{"rendered":"https:\/\/www.colombiamedicaltours.com\/?page_id=38"},"modified":"2025-04-02T21:07:36","modified_gmt":"2025-04-02T21:07:36","slug":"tours","status":"publish","type":"page","link":"https:\/\/www.colombiamedicaltours.com\/es\/tours\/","title":{"rendered":"Tours"},"content":{"rendered":"<div data-elementor-type=\"wp-page\" data-elementor-id=\"38\" class=\"elementor elementor-38\" data-elementor-post-type=\"page\">\n\t\t\t\t<div class=\"elementor-element elementor-element-9c6bc29 e-flex e-con-boxed e-con e-parent\" data-id=\"9c6bc29\" data-element_type=\"container\" data-e-type=\"container\" data-settings=\"{&quot;background_background&quot;:&quot;gradient&quot;,&quot;shape_divider_bottom&quot;:&quot;mountains&quot;}\">\n\t\t\t\t\t<div class=\"e-con-inner\">\n\t\t\t\t<div class=\"elementor-shape elementor-shape-bottom\" aria-hidden=\"true\" data-negative=\"false\">\n\t\t\t<svg xmlns=\"http:\/\/www.w3.org\/2000\/svg\" viewbox=\"0 0 1000 100\" preserveaspectratio=\"none\">\n\t<path class=\"elementor-shape-fill\" opacity=\"0.33\" d=\"M473,67.3c-203.9,88.3-263.1-34-320.3,0C66,119.1,0,59.7,0,59.7V0h1000v59.7 c0,0-62.1,26.1-94.9,29.3c-32.8,3.3-62.8-12.3-75.8-22.1C806,49.6,745.3,8.7,694.9,4.7S492.4,59,473,67.3z\"\/>\n\t<path class=\"elementor-shape-fill\" opacity=\"0.66\" d=\"M734,67.3c-45.5,0-77.2-23.2-129.1-39.1c-28.6-8.7-150.3-10.1-254,39.1 s-91.7-34.4-149.2,0C115.7,118.3,0,39.8,0,39.8V0h1000v36.5c0,0-28.2-18.5-92.1-18.5C810.2,18.1,775.7,67.3,734,67.3z\"\/>\n\t<path class=\"elementor-shape-fill\" d=\"M766.1,28.9c-200-57.5-266,65.5-395.1,19.5C242,1.8,242,5.4,184.8,20.6C128,35.8,132.3,44.9,89.9,52.5C28.6,63.7,0,0,0,0 h1000c0,0-9.9,40.9-83.6,48.1S829.6,47,766.1,28.9z\"\/>\n<\/svg>\t\t<\/div>\n\t\t<div class=\"elementor-element elementor-element-faf3046 e-grid e-con-full e-con e-child\" data-id=\"faf3046\" data-element_type=\"container\" data-e-type=\"container\">\n\t\t\t\t<div class=\"elementor-element elementor-element-746d5e2 elementor-widget elementor-widget-heading\" data-id=\"746d5e2\" data-element_type=\"widget\" data-e-type=\"widget\" data-widget_type=\"heading.default\">\n\t\t\t\t<div class=\"elementor-widget-container\">\n\t\t\t\t\t<h1 class=\"elementor-heading-title elementor-size-default\">Retiros m\u00e9dicos de lujo<\/h1>\t\t\t\t<\/div>\n\t\t\t\t<\/div>\n\t\t\t\t<div class=\"elementor-element elementor-element-499c278 elementor-widget elementor-widget-text-editor\" data-id=\"499c278\" data-element_type=\"widget\" data-e-type=\"widget\" data-widget_type=\"text-editor.default\">\n\t\t\t\t<div class=\"elementor-widget-container\">\n\t\t\t\t\t\t\t\t\t<p>Emb\u00e1rcate en un viaje extraordinario que combina a la perfecci\u00f3n servicios m\u00e9dicos de clase mundial con unas vacaciones exclusivas en la vibrante ciudad de Cali, Colombia.\u00a0<\/p>\t\t\t\t\t\t\t\t<\/div>\n\t\t\t\t<\/div>\n\t\t\t\t<\/div>\n\t\t\t\t\t<\/div>\n\t\t\t\t<\/div>\n\t\t<div class=\"elementor-element elementor-element-abbadc3 e-flex e-con-boxed e-con e-parent\" data-id=\"abbadc3\" data-element_type=\"container\" data-e-type=\"container\">\n\t\t\t\t\t<div class=\"e-con-inner\">\n\t\t\t\t<div class=\"elementor-element elementor-element-9202aab elementor-widget elementor-widget-heading\" data-id=\"9202aab\" data-element_type=\"widget\" data-e-type=\"widget\" data-widget_type=\"heading.default\">\n\t\t\t\t<div class=\"elementor-widget-container\">\n\t\t\t\t\t<h2 class=\"elementor-heading-title elementor-size-default\">Nuestros paquetes de conserjer\u00eda m\u00e9dica personalizados garantizan que su salud y bienestar sean priorizados mientras usted disfruta del lujo, la comodidad y la relajaci\u00f3n.<\/h2>\t\t\t\t<\/div>\n\t\t\t\t<\/div>\n\t\t\t\t\t<\/div>\n\t\t\t\t<\/div>\n\t\t<div class=\"elementor-element elementor-element-9145943 e-flex e-con-boxed e-con e-parent\" data-id=\"9145943\" data-element_type=\"container\" data-e-type=\"container\">\n\t\t\t\t\t<div class=\"e-con-inner\">\n\t\t<div class=\"elementor-element elementor-element-51a0593 e-con-full e-transform e-flex e-con e-child\" data-id=\"51a0593\" data-element_type=\"container\" data-e-type=\"container\" data-settings=\"{&quot;_transform_scale_effect_hover&quot;:{&quot;unit&quot;:&quot;px&quot;,&quot;size&quot;:1.05,&quot;sizes&quot;:[]},&quot;_transform_scale_effect_hover_tablet&quot;:{&quot;unit&quot;:&quot;px&quot;,&quot;size&quot;:&quot;&quot;,&quot;sizes&quot;:[]},&quot;_transform_scale_effect_hover_mobile&quot;:{&quot;unit&quot;:&quot;px&quot;,&quot;size&quot;:&quot;&quot;,&quot;sizes&quot;:[]}}\">\n\t\t\t\t<div class=\"elementor-element elementor-element-5918496 elementor-widget elementor-widget-image\" data-id=\"5918496\" data-element_type=\"widget\" data-e-type=\"widget\" data-widget_type=\"image.default\">\n\t\t\t\t<div class=\"elementor-widget-container\">\n\t\t\t\t\t\t\t\t\t\t\t\t\t\t\t<img fetchpriority=\"high\" decoding=\"async\" width=\"800\" height=\"450\" src=\"https:\/\/www.colombiamedicaltours.com\/wp-content\/uploads\/2025\/02\/Spa-treatment-1024x576.jpg\" class=\"attachment-large size-large wp-image-1107\" alt=\"\" srcset=\"https:\/\/www.colombiamedicaltours.com\/wp-content\/uploads\/2025\/02\/Spa-treatment-1024x576.jpg 1024w, https:\/\/www.colombiamedicaltours.com\/wp-content\/uploads\/2025\/02\/Spa-treatment-300x169.jpg 300w, https:\/\/www.colombiamedicaltours.com\/wp-content\/uploads\/2025\/02\/Spa-treatment-768x432.jpg 768w, https:\/\/www.colombiamedicaltours.com\/wp-content\/uploads\/2025\/02\/Spa-treatment-1536x864.jpg 1536w, https:\/\/www.colombiamedicaltours.com\/wp-content\/uploads\/2025\/02\/Spa-treatment-2048x1152.jpg 2048w, https:\/\/www.colombiamedicaltours.com\/wp-content\/uploads\/2025\/02\/Spa-treatment-600x338.jpg 600w\" sizes=\"(max-width: 800px) 100vw, 800px\" \/>\t\t\t\t\t\t\t\t\t\t\t\t\t\t\t<\/div>\n\t\t\t\t<\/div>\n\t\t\t\t<div class=\"elementor-element elementor-element-ef9758a elementor-widget elementor-widget-heading\" data-id=\"ef9758a\" data-element_type=\"widget\" data-e-type=\"widget\" data-widget_type=\"heading.default\">\n\t\t\t\t<div class=\"elementor-widget-container\">\n\t\t\t\t\t<h1 class=\"elementor-heading-title elementor-size-default\">Tour m\u00e9dico exclusivo de 10 d\u00edas<\/h1>\t\t\t\t<\/div>\n\t\t\t\t<\/div>\n\t\t\t\t<div class=\"elementor-element elementor-element-16c4c55 elementor-widget elementor-widget-text-editor\" data-id=\"16c4c55\" data-element_type=\"widget\" data-e-type=\"widget\" data-widget_type=\"text-editor.default\">\n\t\t\t\t<div class=\"elementor-widget-container\">\n\t\t\t\t\t\t\t\t\t<p>Una introducci\u00f3n perfecta a los mejores servicios m\u00e9dicos con un toque de lujo y relajaci\u00f3n.<\/p><p>Incluye:<\/p><p><strong>1 Consulta M\u00e9dica personalizada<\/strong><\/p><p><strong><em>Transporte Privado<\/em><\/strong><\/p><p><strong><em>Hotel de lujo <\/em><\/strong><strong><em>Alojamiento<\/em><\/strong><\/p><p><strong><em>Cenas elegantes en restaurantes exclusivos<\/em><\/strong><\/p><p><strong><em>Tratamiento de spa premium para la relajaci\u00f3n<\/em><\/strong><\/p><p><strong><em>Recorrido por los lugares m\u00e1s emblem\u00e1ticos de Cali<\/em><\/strong><\/p><p>Ideal para quienes buscan un retiro m\u00e9dico r\u00e1pido pero placentero.<\/p>\t\t\t\t\t\t\t\t<\/div>\n\t\t\t\t<\/div>\n\t\t\t\t<div class=\"elementor-element elementor-element-7b77c07 elementor-align-justify elementor-mobile-align-justify elementor-widget elementor-widget-button\" data-id=\"7b77c07\" data-element_type=\"widget\" data-e-type=\"widget\" data-settings=\"{&quot;_animation&quot;:&quot;none&quot;}\" data-widget_type=\"button.default\">\n\t\t\t\t<div class=\"elementor-widget-container\">\n\t\t\t\t\t\t\t\t\t<div class=\"elementor-button-wrapper\">\n\t\t\t\t\t<a class=\"elementor-button elementor-button-link elementor-size-sm\" href=\"https:\/\/www.colombiamedicaltours.com\/es\/contact\/\">\n\t\t\t\t\t\t<span class=\"elementor-button-content-wrapper\">\n\t\t\t\t\t\t\t\t\t<span class=\"elementor-button-text\">Informaci\u00f3n, por favor<\/span>\n\t\t\t\t\t<\/span>\n\t\t\t\t\t<\/a>\n\t\t\t\t<\/div>\n\t\t\t\t\t\t\t\t<\/div>\n\t\t\t\t<\/div>\n\t\t\t\t<\/div>\n\t\t<div class=\"elementor-element elementor-element-74c5cc0 e-con-full e-transform e-flex e-con e-child\" data-id=\"74c5cc0\" data-element_type=\"container\" data-e-type=\"container\" data-settings=\"{&quot;_transform_scale_effect_hover&quot;:{&quot;unit&quot;:&quot;px&quot;,&quot;size&quot;:1.05,&quot;sizes&quot;:[]},&quot;_transform_scale_effect_hover_tablet&quot;:{&quot;unit&quot;:&quot;px&quot;,&quot;size&quot;:&quot;&quot;,&quot;sizes&quot;:[]},&quot;_transform_scale_effect_hover_mobile&quot;:{&quot;unit&quot;:&quot;px&quot;,&quot;size&quot;:&quot;&quot;,&quot;sizes&quot;:[]}}\">\n\t\t\t\t<div class=\"elementor-element elementor-element-f88e896 elementor-widget elementor-widget-image\" data-id=\"f88e896\" data-element_type=\"widget\" data-e-type=\"widget\" data-widget_type=\"image.default\">\n\t\t\t\t<div class=\"elementor-widget-container\">\n\t\t\t\t\t\t\t\t\t\t\t\t\t\t\t<img decoding=\"async\" width=\"800\" height=\"457\" src=\"https:\/\/www.colombiamedicaltours.com\/wp-content\/uploads\/2025\/02\/Dinner-roof-top-1024x585.jpg\" class=\"attachment-large size-large wp-image-1128\" alt=\"\" srcset=\"https:\/\/www.colombiamedicaltours.com\/wp-content\/uploads\/2025\/02\/Dinner-roof-top-1024x585.jpg 1024w, https:\/\/www.colombiamedicaltours.com\/wp-content\/uploads\/2025\/02\/Dinner-roof-top-300x171.jpg 300w, https:\/\/www.colombiamedicaltours.com\/wp-content\/uploads\/2025\/02\/Dinner-roof-top-768x439.jpg 768w, https:\/\/www.colombiamedicaltours.com\/wp-content\/uploads\/2025\/02\/Dinner-roof-top-1536x878.jpg 1536w, https:\/\/www.colombiamedicaltours.com\/wp-content\/uploads\/2025\/02\/Dinner-roof-top-2048x1170.jpg 2048w, https:\/\/www.colombiamedicaltours.com\/wp-content\/uploads\/2025\/02\/Dinner-roof-top-600x343.jpg 600w\" sizes=\"(max-width: 800px) 100vw, 800px\" \/>\t\t\t\t\t\t\t\t\t\t\t\t\t\t\t<\/div>\n\t\t\t\t<\/div>\n\t\t\t\t<div class=\"elementor-element elementor-element-1439213 elementor-widget elementor-widget-heading\" data-id=\"1439213\" data-element_type=\"widget\" data-e-type=\"widget\" data-widget_type=\"heading.default\">\n\t\t\t\t<div class=\"elementor-widget-container\">\n\t\t\t\t\t<h1 class=\"elementor-heading-title elementor-size-default\">Experiencia m\u00e9dica exclusiva de 20 d\u00edas<\/h1>\t\t\t\t<\/div>\n\t\t\t\t<\/div>\n\t\t\t\t<div class=\"elementor-element elementor-element-cab8001 elementor-widget elementor-widget-text-editor\" data-id=\"cab8001\" data-element_type=\"widget\" data-e-type=\"widget\" data-widget_type=\"text-editor.default\">\n\t\t\t\t<div class=\"elementor-widget-container\">\n\t\t\t\t\t\t\t\t\t<p>Mejore su experiencia con una estad\u00eda prolongada, que le permitir\u00e1 una consulta m\u00e9dica m\u00e1s profunda y tratamientos de autocuidado adicionales.<\/p><p>Incluye:<\/p><p><em><strong>Todo lo del paquete de 10 d\u00edas, m\u00e1s\u2026<\/strong><\/em><\/p><p><em><strong>Manicura y pedicura profesional<\/strong><\/em><\/p><p><strong><em>Recorrido por los lugares m\u00e1s emblem\u00e1ticos de Cali con acompa\u00f1ante<\/em><\/strong><\/p><p>Una gran opci\u00f3n para quienes desean un viaje de bienestar m\u00e1s profundo e inmersivo.<\/p>\t\t\t\t\t\t\t\t<\/div>\n\t\t\t\t<\/div>\n\t\t\t\t<div class=\"elementor-element elementor-element-ae41062 elementor-align-justify elementor-mobile-align-justify elementor-widget elementor-widget-button\" data-id=\"ae41062\" data-element_type=\"widget\" data-e-type=\"widget\" data-settings=\"{&quot;_animation&quot;:&quot;none&quot;}\" data-widget_type=\"button.default\">\n\t\t\t\t<div class=\"elementor-widget-container\">\n\t\t\t\t\t\t\t\t\t<div class=\"elementor-button-wrapper\">\n\t\t\t\t\t<a class=\"elementor-button elementor-button-link elementor-size-sm\" href=\"https:\/\/www.colombiamedicaltours.com\/es\/contact\/\">\n\t\t\t\t\t\t<span class=\"elementor-button-content-wrapper\">\n\t\t\t\t\t\t\t\t\t<span class=\"elementor-button-text\">Informaci\u00f3n, por favor<\/span>\n\t\t\t\t\t<\/span>\n\t\t\t\t\t<\/a>\n\t\t\t\t<\/div>\n\t\t\t\t\t\t\t\t<\/div>\n\t\t\t\t<\/div>\n\t\t\t\t<\/div>\n\t\t<div class=\"elementor-element elementor-element-6b6e1e8 e-con-full e-transform e-flex e-con e-child\" data-id=\"6b6e1e8\" data-element_type=\"container\" data-e-type=\"container\" data-settings=\"{&quot;_transform_scale_effect_hover&quot;:{&quot;unit&quot;:&quot;px&quot;,&quot;size&quot;:1.05,&quot;sizes&quot;:[]},&quot;_transform_scale_effect_hover_tablet&quot;:{&quot;unit&quot;:&quot;px&quot;,&quot;size&quot;:&quot;&quot;,&quot;sizes&quot;:[]},&quot;_transform_scale_effect_hover_mobile&quot;:{&quot;unit&quot;:&quot;px&quot;,&quot;size&quot;:&quot;&quot;,&quot;sizes&quot;:[]}}\">\n\t\t\t\t<div class=\"elementor-element elementor-element-efdff37 elementor-widget elementor-widget-image\" data-id=\"efdff37\" data-element_type=\"widget\" data-e-type=\"widget\" data-widget_type=\"image.default\">\n\t\t\t\t<div class=\"elementor-widget-container\">\n\t\t\t\t\t\t\t\t\t\t\t\t\t\t\t<img decoding=\"async\" width=\"641\" height=\"360\" src=\"https:\/\/www.colombiamedicaltours.com\/wp-content\/uploads\/2025\/02\/Cali-at-night.jpg\" class=\"attachment-large size-large wp-image-1136\" alt=\"\" srcset=\"https:\/\/www.colombiamedicaltours.com\/wp-content\/uploads\/2025\/02\/Cali-at-night.jpg 641w, https:\/\/www.colombiamedicaltours.com\/wp-content\/uploads\/2025\/02\/Cali-at-night-300x168.jpg 300w, https:\/\/www.colombiamedicaltours.com\/wp-content\/uploads\/2025\/02\/Cali-at-night-600x337.jpg 600w\" sizes=\"(max-width: 641px) 100vw, 641px\" \/>\t\t\t\t\t\t\t\t\t\t\t\t\t\t\t<\/div>\n\t\t\t\t<\/div>\n\t\t\t\t<div class=\"elementor-element elementor-element-283d5d5 elementor-widget elementor-widget-heading\" data-id=\"283d5d5\" data-element_type=\"widget\" data-e-type=\"widget\" data-widget_type=\"heading.default\">\n\t\t\t\t<div class=\"elementor-widget-container\">\n\t\t\t\t\t<h1 class=\"elementor-heading-title elementor-size-default\">Retiro de bienestar de lujo de 30 d\u00edas<\/h1>\t\t\t\t<\/div>\n\t\t\t\t<\/div>\n\t\t\t\t<div class=\"elementor-element elementor-element-ff19ea7 elementor-widget elementor-widget-text-editor\" data-id=\"ff19ea7\" data-element_type=\"widget\" data-e-type=\"widget\" data-widget_type=\"text-editor.default\">\n\t\t\t\t<div class=\"elementor-widget-container\">\n\t\t\t\t\t\t\t\t\t<p>La experiencia m\u00e1s exclusiva y completa, dise\u00f1ada para quienes desean una transformaci\u00f3n total con cuidados prolongados y placeres premium.<\/p><p>Incluye:<\/p><p><em><strong>Todo lo del paquete de 20 d\u00edas, m\u00e1s\u2026<\/strong><\/em><\/p><p><em><strong>Consulta personalizada de cuidado de la piel y belleza<\/strong><\/em><\/p><p>La elecci\u00f3n perfecta para quienes desean una transformaci\u00f3n lujosa y hol\u00edstica.<\/p>\t\t\t\t\t\t\t\t<\/div>\n\t\t\t\t<\/div>\n\t\t\t\t<div class=\"elementor-element elementor-element-28c615f elementor-align-justify elementor-mobile-align-justify elementor-widget elementor-widget-button\" data-id=\"28c615f\" data-element_type=\"widget\" data-e-type=\"widget\" data-settings=\"{&quot;_animation&quot;:&quot;none&quot;}\" data-widget_type=\"button.default\">\n\t\t\t\t<div class=\"elementor-widget-container\">\n\t\t\t\t\t\t\t\t\t<div class=\"elementor-button-wrapper\">\n\t\t\t\t\t<a class=\"elementor-button elementor-button-link elementor-size-sm\" href=\"https:\/\/www.colombiamedicaltours.com\/es\/contact\/\">\n\t\t\t\t\t\t<span class=\"elementor-button-content-wrapper\">\n\t\t\t\t\t\t\t\t\t<span class=\"elementor-button-text\">Informaci\u00f3n, por favor<\/span>\n\t\t\t\t\t<\/span>\n\t\t\t\t\t<\/a>\n\t\t\t\t<\/div>\n\t\t\t\t\t\t\t\t<\/div>\n\t\t\t\t<\/div>\n\t\t\t\t<\/div>\n\t\t\t\t\t<\/div>\n\t\t\t\t<\/div>\n\t\t<div class=\"elementor-element elementor-element-de7a172 e-flex e-con-boxed e-con e-parent\" data-id=\"de7a172\" data-element_type=\"container\" data-e-type=\"container\">\n\t\t\t\t\t<div class=\"e-con-inner\">\n\t\t\t\t<div class=\"elementor-element elementor-element-045b29e elementor-widget elementor-widget-heading\" data-id=\"045b29e\" data-element_type=\"widget\" data-e-type=\"widget\" data-widget_type=\"heading.default\">\n\t\t\t\t<div class=\"elementor-widget-container\">\n\t\t\t\t\t<h2 class=\"elementor-heading-title elementor-size-default\">\u00bfListo para embarcarte en tu viaje de bienestar personalizado? Cont\u00e1ctanos hoy y perm\u00edtenos crear una experiencia inolvidable.\n<\/h2>\t\t\t\t<\/div>\n\t\t\t\t<\/div>\n\t\t\t\t\t<\/div>\n\t\t\t\t<\/div>\n\t\t\t\t<\/div>","protected":false},"excerpt":{"rendered":"<p>Luxury Medical Retreats Embark on an extraordinary journey that seamlessly blends world-class medical services with an exclusive vacation in the vibrant city of Cali, Colombia.\u00a0 Our tailored medical concierge packages ensure that your health and well-being are prioritized while you indulge in luxury, comfort, and relaxation. 10-Day Exclusive Medical Tour A perfect introduction to the [&hellip;]<\/p>\n","protected":false},"author":1,"featured_media":0,"parent":0,"menu_order":2,"comment_status":"closed","ping_status":"closed","template":"elementor_header_footer","meta":{"footnotes":""},"class_list":["post-38","page","type-page","status-publish","hentry"],"yoast_head":"<!-- This site is optimized with the Yoast SEO plugin v27.3 - https:\/\/yoast.com\/product\/yoast-seo-wordpress\/ -->\n<title>Tours - Colombia Medical Tours<\/title>\n<meta name=\"robots\" content=\"index, follow, max-snippet:-1, max-image-preview:large, max-video-preview:-1\" \/>\n<link rel=\"canonical\" href=\"https:\/\/www.colombiamedicaltours.com\/es\/tours\/\" \/>\n<meta property=\"og:locale\" content=\"es_ES\" \/>\n<meta property=\"og:type\" content=\"article\" \/>\n<meta property=\"og:title\" content=\"Tours - Colombia Medical Tours\" \/>\n<meta property=\"og:description\" content=\"Luxury Medical Retreats Embark on an extraordinary journey that seamlessly blends world-class medical services with an exclusive vacation in the vibrant city of Cali, Colombia.\u00a0 Our tailored medical concierge packages ensure that your health and well-being are prioritized while you indulge in luxury, comfort, and relaxation. 10-Day Exclusive Medical Tour A perfect introduction to the [&hellip;]\" \/>\n<meta property=\"og:url\" content=\"https:\/\/www.colombiamedicaltours.com\/es\/tours\/\" \/>\n<meta property=\"og:site_name\" content=\"Colombia Medical Tours\" \/>\n<meta property=\"article:modified_time\" content=\"2025-04-02T21:07:36+00:00\" \/>\n<meta property=\"og:image\" content=\"https:\/\/www.colombiamedicaltours.com\/wp-content\/uploads\/2025\/02\/Spa-treatment-1024x576.jpg\" \/>\n<meta name=\"twitter:card\" content=\"summary_large_image\" \/>\n<meta name=\"twitter:label1\" content=\"Tiempo de lectura\" \/>\n\t<meta name=\"twitter:data1\" content=\"2 minutos\" \/>\n<script type=\"application\/ld+json\" class=\"yoast-schema-graph\">{\"@context\":\"https:\\\/\\\/schema.org\",\"@graph\":[{\"@type\":\"WebPage\",\"@id\":\"https:\\\/\\\/www.colombiamedicaltours.com\\\/tours\\\/\",\"url\":\"https:\\\/\\\/www.colombiamedicaltours.com\\\/tours\\\/\",\"name\":\"Tours - Colombia Medical Tours\",\"isPartOf\":{\"@id\":\"https:\\\/\\\/www.colombiamedicaltours.com\\\/#website\"},\"primaryImageOfPage\":{\"@id\":\"https:\\\/\\\/www.colombiamedicaltours.com\\\/tours\\\/#primaryimage\"},\"image\":{\"@id\":\"https:\\\/\\\/www.colombiamedicaltours.com\\\/tours\\\/#primaryimage\"},\"thumbnailUrl\":\"https:\\\/\\\/www.colombiamedicaltours.com\\\/wp-content\\\/uploads\\\/2025\\\/02\\\/Spa-treatment-1024x576.jpg\",\"datePublished\":\"2025-02-18T13:28:05+00:00\",\"dateModified\":\"2025-04-02T21:07:36+00:00\",\"breadcrumb\":{\"@id\":\"https:\\\/\\\/www.colombiamedicaltours.com\\\/tours\\\/#breadcrumb\"},\"inLanguage\":\"es\",\"potentialAction\":[{\"@type\":\"ReadAction\",\"target\":[\"https:\\\/\\\/www.colombiamedicaltours.com\\\/tours\\\/\"]}]},{\"@type\":\"ImageObject\",\"inLanguage\":\"es\",\"@id\":\"https:\\\/\\\/www.colombiamedicaltours.com\\\/tours\\\/#primaryimage\",\"url\":\"https:\\\/\\\/www.colombiamedicaltours.com\\\/wp-content\\\/uploads\\\/2025\\\/02\\\/Spa-treatment-1024x576.jpg\",\"contentUrl\":\"https:\\\/\\\/www.colombiamedicaltours.com\\\/wp-content\\\/uploads\\\/2025\\\/02\\\/Spa-treatment-1024x576.jpg\"},{\"@type\":\"BreadcrumbList\",\"@id\":\"https:\\\/\\\/www.colombiamedicaltours.com\\\/tours\\\/#breadcrumb\",\"itemListElement\":[{\"@type\":\"ListItem\",\"position\":1,\"name\":\"Portada\",\"item\":\"https:\\\/\\\/www.colombiamedicaltours.com\\\/\"},{\"@type\":\"ListItem\",\"position\":2,\"name\":\"Tours\"}]},{\"@type\":\"WebSite\",\"@id\":\"https:\\\/\\\/www.colombiamedicaltours.com\\\/#website\",\"url\":\"https:\\\/\\\/www.colombiamedicaltours.com\\\/\",\"name\":\"Colombia Medical Tours\",\"description\":\"Colombia Medical Tours ofrece servicios de turismo m\u00e9dico en Colombia, conectando a pacientes internacionales con profesionales de la salud de alta calidad. Brindan tratamientos est\u00e9ticos, odontol\u00f3gicos y m\u00e9dicos, con atenci\u00f3n personalizada y segura durante todo el proceso.\",\"publisher\":{\"@id\":\"https:\\\/\\\/www.colombiamedicaltours.com\\\/#organization\"},\"alternateName\":\"CMT\",\"potentialAction\":[{\"@type\":\"SearchAction\",\"target\":{\"@type\":\"EntryPoint\",\"urlTemplate\":\"https:\\\/\\\/www.colombiamedicaltours.com\\\/?s={search_term_string}\"},\"query-input\":{\"@type\":\"PropertyValueSpecification\",\"valueRequired\":true,\"valueName\":\"search_term_string\"}}],\"inLanguage\":\"es\"},{\"@type\":\"Organization\",\"@id\":\"https:\\\/\\\/www.colombiamedicaltours.com\\\/#organization\",\"name\":\"Colombia Medical Tours\",\"alternateName\":\"CMT\",\"url\":\"https:\\\/\\\/www.colombiamedicaltours.com\\\/\",\"logo\":{\"@type\":\"ImageObject\",\"inLanguage\":\"es\",\"@id\":\"https:\\\/\\\/www.colombiamedicaltours.com\\\/#\\\/schema\\\/logo\\\/image\\\/\",\"url\":\"https:\\\/\\\/www.colombiamedicaltours.com\\\/wp-content\\\/uploads\\\/2025\\\/02\\\/cropped-COLOMBIA-MEDICAL-TOURS-.COM-OFICIAL-2.png\",\"contentUrl\":\"https:\\\/\\\/www.colombiamedicaltours.com\\\/wp-content\\\/uploads\\\/2025\\\/02\\\/cropped-COLOMBIA-MEDICAL-TOURS-.COM-OFICIAL-2.png\",\"width\":512,\"height\":512,\"caption\":\"Colombia Medical Tours\"},\"image\":{\"@id\":\"https:\\\/\\\/www.colombiamedicaltours.com\\\/#\\\/schema\\\/logo\\\/image\\\/\"}}]}<\/script>\n<!-- \/ Yoast SEO plugin. -->","yoast_head_json":{"title":"Tours - Colombia Medical Tours","robots":{"index":"index","follow":"follow","max-snippet":"max-snippet:-1","max-image-preview":"max-image-preview:large","max-video-preview":"max-video-preview:-1"},"canonical":"https:\/\/www.colombiamedicaltours.com\/es\/tours\/","og_locale":"es_ES","og_type":"article","og_title":"Tours - Colombia Medical Tours","og_description":"Luxury Medical Retreats Embark on an extraordinary journey that seamlessly blends world-class medical services with an exclusive vacation in the vibrant city of Cali, Colombia.\u00a0 Our tailored medical concierge packages ensure that your health and well-being are prioritized while you indulge in luxury, comfort, and relaxation. 10-Day Exclusive Medical Tour A perfect introduction to the [&hellip;]","og_url":"https:\/\/www.colombiamedicaltours.com\/es\/tours\/","og_site_name":"Colombia Medical Tours","article_modified_time":"2025-04-02T21:07:36+00:00","og_image":[{"url":"https:\/\/www.colombiamedicaltours.com\/wp-content\/uploads\/2025\/02\/Spa-treatment-1024x576.jpg","type":"","width":"","height":""}],"twitter_card":"summary_large_image","twitter_misc":{"Tiempo de lectura":"2 minutos"},"schema":{"@context":"https:\/\/schema.org","@graph":[{"@type":"WebPage","@id":"https:\/\/www.colombiamedicaltours.com\/tours\/","url":"https:\/\/www.colombiamedicaltours.com\/tours\/","name":"Tours - Colombia Medical Tours","isPartOf":{"@id":"https:\/\/www.colombiamedicaltours.com\/#website"},"primaryImageOfPage":{"@id":"https:\/\/www.colombiamedicaltours.com\/tours\/#primaryimage"},"image":{"@id":"https:\/\/www.colombiamedicaltours.com\/tours\/#primaryimage"},"thumbnailUrl":"https:\/\/www.colombiamedicaltours.com\/wp-content\/uploads\/2025\/02\/Spa-treatment-1024x576.jpg","datePublished":"2025-02-18T13:28:05+00:00","dateModified":"2025-04-02T21:07:36+00:00","breadcrumb":{"@id":"https:\/\/www.colombiamedicaltours.com\/tours\/#breadcrumb"},"inLanguage":"es","potentialAction":[{"@type":"ReadAction","target":["https:\/\/www.colombiamedicaltours.com\/tours\/"]}]},{"@type":"ImageObject","inLanguage":"es","@id":"https:\/\/www.colombiamedicaltours.com\/tours\/#primaryimage","url":"https:\/\/www.colombiamedicaltours.com\/wp-content\/uploads\/2025\/02\/Spa-treatment-1024x576.jpg","contentUrl":"https:\/\/www.colombiamedicaltours.com\/wp-content\/uploads\/2025\/02\/Spa-treatment-1024x576.jpg"},{"@type":"BreadcrumbList","@id":"https:\/\/www.colombiamedicaltours.com\/tours\/#breadcrumb","itemListElement":[{"@type":"ListItem","position":1,"name":"Portada","item":"https:\/\/www.colombiamedicaltours.com\/"},{"@type":"ListItem","position":2,"name":"Tours"}]},{"@type":"WebSite","@id":"https:\/\/www.colombiamedicaltours.com\/#website","url":"https:\/\/www.colombiamedicaltours.com\/","name":"Colombia Medical Tours","description":"Colombia Medical Tours ofrece servicios de turismo m\u00e9dico en Colombia, conectando a pacientes internacionales con profesionales de la salud de alta calidad. Brindan tratamientos est\u00e9ticos, odontol\u00f3gicos y m\u00e9dicos, con atenci\u00f3n personalizada y segura durante todo el proceso.","publisher":{"@id":"https:\/\/www.colombiamedicaltours.com\/#organization"},"alternateName":"CMT","potentialAction":[{"@type":"SearchAction","target":{"@type":"EntryPoint","urlTemplate":"https:\/\/www.colombiamedicaltours.com\/?s={search_term_string}"},"query-input":{"@type":"PropertyValueSpecification","valueRequired":true,"valueName":"search_term_string"}}],"inLanguage":"es"},{"@type":"Organization","@id":"https:\/\/www.colombiamedicaltours.com\/#organization","name":"Colombia Medical Tours","alternateName":"CMT","url":"https:\/\/www.colombiamedicaltours.com\/","logo":{"@type":"ImageObject","inLanguage":"es","@id":"https:\/\/www.colombiamedicaltours.com\/#\/schema\/logo\/image\/","url":"https:\/\/www.colombiamedicaltours.com\/wp-content\/uploads\/2025\/02\/cropped-COLOMBIA-MEDICAL-TOURS-.COM-OFICIAL-2.png","contentUrl":"https:\/\/www.colombiamedicaltours.com\/wp-content\/uploads\/2025\/02\/cropped-COLOMBIA-MEDICAL-TOURS-.COM-OFICIAL-2.png","width":512,"height":512,"caption":"Colombia Medical Tours"},"image":{"@id":"https:\/\/www.colombiamedicaltours.com\/#\/schema\/logo\/image\/"}}]}},"_links":{"self":[{"href":"https:\/\/www.colombiamedicaltours.com\/es\/wp-json\/wp\/v2\/pages\/38","targetHints":{"allow":["GET"]}}],"collection":[{"href":"https:\/\/www.colombiamedicaltours.com\/es\/wp-json\/wp\/v2\/pages"}],"about":[{"href":"https:\/\/www.colombiamedicaltours.com\/es\/wp-json\/wp\/v2\/types\/page"}],"author":[{"embeddable":true,"href":"https:\/\/www.colombiamedicaltours.com\/es\/wp-json\/wp\/v2\/users\/1"}],"replies":[{"embeddable":true,"href":"https:\/\/www.colombiamedicaltours.com\/es\/wp-json\/wp\/v2\/comments?post=38"}],"version-history":[{"count":55,"href":"https:\/\/www.colombiamedicaltours.com\/es\/wp-json\/wp\/v2\/pages\/38\/revisions"}],"predecessor-version":[{"id":1585,"href":"https:\/\/www.colombiamedicaltours.com\/es\/wp-json\/wp\/v2\/pages\/38\/revisions\/1585"}],"wp:attachment":[{"href":"https:\/\/www.colombiamedicaltours.com\/es\/wp-json\/wp\/v2\/media?parent=38"}],"curies":[{"name":"wp","href":"https:\/\/api.w.org\/{rel}","templated":true}]}}