{"id":2330,"date":"2025-05-29T17:41:25","date_gmt":"2025-05-29T17:41:25","guid":{"rendered":"https:\/\/www.colombiamedicaltours.com\/?page_id=2330"},"modified":"2025-05-29T17:47:27","modified_gmt":"2025-05-29T17:47:27","slug":"user-registration","status":"publish","type":"page","link":"https:\/\/www.colombiamedicaltours.com\/es\/user-registration\/","title":{"rendered":"User Registration"},"content":{"rendered":"<div data-elementor-type=\"wp-page\" data-elementor-id=\"2330\" class=\"elementor elementor-2330\" data-elementor-post-type=\"page\">\n\t\t\t\t<div class=\"elementor-element elementor-element-64ed429 e-flex e-con-boxed e-con e-parent\" data-id=\"64ed429\" data-element_type=\"container\" data-e-type=\"container\">\n\t\t\t\t\t<div class=\"e-con-inner\">\n\t\t\t\t<div class=\"elementor-element elementor-element-83af6dd elementor-widget elementor-widget-shortcode\" data-id=\"83af6dd\" data-element_type=\"widget\" data-e-type=\"widget\" data-widget_type=\"shortcode.default\">\n\t\t\t\t<div class=\"elementor-widget-container\">\n\t\t\t\t\t\t\t<div class=\"elementor-shortcode\">\n<div class=\"um um-register um-36\">\n\t<div class=\"um-form\" data-mode=\"register\">\n\t\t<form method=\"post\" action=\"\" data-trp-original-action=\"\">\n\t\t\t<div class=\"um-row _um_row_1\" style=\"margin: 0 0 30px 0;\"><div class=\"um-col-1\"><div  id=\"um_field_36_user_login\" class=\"um-field um-field-text  um-field-user_login um-field-text um-field-type_text\" data-key=\"user_login\"><div class=\"um-field-label\"><label for=\"user_login-36\">User Name<span class=\"um-req\" title=\"Obligatorio\">*<\/span><\/label><div class=\"um-clear\"><\/div><\/div><div class=\"um-field-area\"><input  autocomplete=\"off\" class=\"um-form-field valid\" type=\"text\" name=\"user_login-36\" id=\"user_login-36\" value=\"\" placeholder=\"\" data-validate=\"unique_username\" data-key=\"user_login\"  aria-invalid=\"false\" \/>\n\n\t\t\t\t\t\t<\/div><\/div><div  id=\"um_field_36_user_email\" class=\"um-field um-field-text  um-field-user_email um-field-text um-field-type_text\" data-key=\"user_email\"><div class=\"um-field-label\"><label for=\"user_email-36\">Direcci\u00f3n de correo electr\u00f3nico<span class=\"um-req\" title=\"Obligatorio\">*<\/span><\/label><div class=\"um-clear\"><\/div><\/div><div class=\"um-field-area\"><input  autocomplete=\"off\" class=\"um-form-field valid\" type=\"text\" name=\"user_email-36\" id=\"user_email-36\" value=\"\" placeholder=\"\" data-validate=\"unique_email\" data-key=\"user_email\"  aria-invalid=\"false\" \/>\n\n\t\t\t\t\t\t<\/div><\/div><div  id=\"um_field_36_user_password\" class=\"um-field um-field-password  um-field-user_password um-field-password um-field-type_password\" data-key=\"user_password\"><div class=\"um-field-label\"><label for=\"user_password-36\">Contrase\u00f1a<span class=\"um-req\" title=\"Obligatorio\">*<\/span><\/label><div class=\"um-clear\"><\/div><\/div><div class=\"um-field-area\"><div class=\"um-field-area-password\">\n\t\t\t\t\t\t\t\t\t<input class=\"um-form-field valid\" type=\"password\" name=\"user_password-36\" id=\"user_password-36\" value=\"\" placeholder=\"\" data-validate=\"\" data-key=\"user_password\"  aria-invalid=\"false\" \/>\n\t\t\t\t\t\t\t\t\t<span class=\"um-toggle-password\"><i class=\"um-icon-eye\"><\/i><\/span>\n\t\t\t\t\t\t\t\t<\/div>\n\t\t\t\t\t\t\t<\/div><\/div><div  id=\"um_field_36_confirm_user_password\" class=\"um-field um-field-password  um-field-user_password um-field-password um-field-type_password\" data-key=\"confirm_user_password\"><div class=\"um-field-label\"><label for=\"confirm_user_password-36\">Confirmar la contrase\u00f1a<span class=\"um-req\" title=\"Obligatorio\">*<\/span><\/label><div class=\"um-clear\"><\/div><\/div><div class=\"um-field-area\"><div class=\"um-field-area-password\"><input class=\"um-form-field valid\" type=\"password\" name=\"confirm_user_password-36\" id=\"confirm_user_password-36\" value=\"\" placeholder=\"Confirmar la contrase\u00f1a\" data-validate=\"\" data-key=\"confirm_user_password\"  aria-invalid=\"false\" \/><span class=\"um-toggle-password\"><i class=\"um-icon-eye\"><\/i><\/span><\/div><\/div><\/div><\/div><\/div>\t<input type=\"hidden\" name=\"form_id\" id=\"form_id_36\" value=\"36\" \/>\n\t\t<p class=\"um_request_name\">\n\t\t<label for=\"um_request_36\">Only fill in if you are not human<\/label>\n\t\t<input type=\"hidden\" name=\"um_request\" id=\"um_request_36\" class=\"input\" value=\"\" size=\"25\" autocomplete=\"off\" \/>\n\t<\/p>\n\t<input type=\"hidden\" id=\"_wpnonce\" name=\"_wpnonce\" value=\"ac5f96e17c\" \/><input type=\"hidden\" name=\"_wp_http_referer\" value=\"\/es\/wp-json\/wp\/v2\/pages\/2330\" \/>\n<div class=\"um-field\">\n\t<div class=\"g-recaptcha\" id=\"um-36\" data-type=\"image\" data-size=\"normal\" data-theme=\"light\" data-sitekey=\"6LdTz1UrAAAAANYinxQd_YAo5bgE8bj1EXKPDXSm\"><\/div>\n<\/div>\n\n\n<script type=\"text\/javascript\">\n\t\n\t\tvar onloadCallback = function () {\n\t\t\tjQuery('.g-recaptcha').each( function (i) {\n\t\t\t\tgrecaptcha.render( jQuery(this).attr('id'), {\n\t\t\t\t\t'sitekey': jQuery(this).attr('data-sitekey'),\n\t\t\t\t\t'theme': jQuery(this).attr('data-theme')\n\t\t\t\t});\n\t\t\t});\n\t\t};\n\n\t\tfunction um_recaptcha_refresh() {\n\t\t\tjQuery('.g-recaptcha').html('');\n\t\t\tgrecaptcha.reset();\n\t\t\tonloadCallback();\n\t\t}\n\n\t<\/script>\n\n\t<div class=\"um-col-alt\">\n\n\t\t\n\t\t\t<div class=\"um-left um-half\">\n\t\t\t\t<input type=\"submit\" value=\"Registro\" class=\"um-button\" id=\"um-submit-btn\" \/>\n\t\t\t<\/div>\n\t\t\t<div class=\"um-right um-half\">\n\t\t\t\t<a href=\"https:\/\/www.colombiamedicaltours.com\/es\/login\/\" class=\"um-button um-alt\">\n\t\t\t\t\tAcceso\t\t\t\t<\/a>\n\t\t\t<\/div>\n\n\t\t\n\t\t<div class=\"um-clear\"><\/div>\n\n\t<\/div>\n\n\t\t\t<input type=\"hidden\" name=\"trp-form-language\" value=\"es\"\/><\/form>\n\t<\/div>\n<\/div>\n<style>\n\t\t\t.um-36.um {\n\t\t\tmax-width: 450px;\n\t\t}\n\t\t<\/style>\n<\/div>\n\t\t\t\t\t\t<\/div>\n\t\t\t\t<\/div>\n\t\t\t\t\t<\/div>\n\t\t\t\t<\/div>\n\t\t\t\t<\/div>","protected":false},"excerpt":{"rendered":"","protected":false},"author":1,"featured_media":0,"parent":0,"menu_order":0,"comment_status":"closed","ping_status":"closed","template":"elementor_header_footer","meta":{"footnotes":""},"class_list":["post-2330","page","type-page","status-publish","hentry"],"yoast_head":"<!-- This site is optimized with the Yoast SEO plugin v27.3 - https:\/\/yoast.com\/product\/yoast-seo-wordpress\/ -->\n<title>User Registration - Colombia Medical Tours<\/title>\n<meta name=\"robots\" content=\"index, follow, max-snippet:-1, max-image-preview:large, max-video-preview:-1\" \/>\n<link rel=\"canonical\" href=\"https:\/\/www.colombiamedicaltours.com\/es\/user-registration\/\" \/>\n<meta property=\"og:locale\" content=\"es_ES\" \/>\n<meta property=\"og:type\" content=\"article\" \/>\n<meta property=\"og:title\" content=\"User Registration - Colombia Medical Tours\" \/>\n<meta property=\"og:url\" content=\"https:\/\/www.colombiamedicaltours.com\/es\/user-registration\/\" \/>\n<meta property=\"og:site_name\" content=\"Colombia Medical Tours\" \/>\n<meta property=\"article:modified_time\" content=\"2025-05-29T17:47:27+00:00\" \/>\n<meta property=\"og:image\" content=\"https:\/\/www.colombiamedicaltours.com\/wp-content\/uploads\/2025\/02\/cropped-COLOMBIA-MEDICAL-TOURS-.COM-OFICIAL-2.png\" \/>\n\t<meta property=\"og:image:width\" content=\"512\" \/>\n\t<meta property=\"og:image:height\" content=\"512\" \/>\n\t<meta property=\"og:image:type\" content=\"image\/png\" \/>\n<meta name=\"twitter:card\" content=\"summary_large_image\" \/>\n<meta name=\"twitter:label1\" content=\"Tiempo de lectura\" \/>\n\t<meta name=\"twitter:data1\" content=\"1 minuto\" \/>\n<script type=\"application\/ld+json\" class=\"yoast-schema-graph\">{\"@context\":\"https:\\\/\\\/schema.org\",\"@graph\":[{\"@type\":\"WebPage\",\"@id\":\"https:\\\/\\\/www.colombiamedicaltours.com\\\/user-registration\\\/\",\"url\":\"https:\\\/\\\/www.colombiamedicaltours.com\\\/user-registration\\\/\",\"name\":\"User Registration - Colombia Medical Tours\",\"isPartOf\":{\"@id\":\"https:\\\/\\\/www.colombiamedicaltours.com\\\/#website\"},\"datePublished\":\"2025-05-29T17:41:25+00:00\",\"dateModified\":\"2025-05-29T17:47:27+00:00\",\"breadcrumb\":{\"@id\":\"https:\\\/\\\/www.colombiamedicaltours.com\\\/user-registration\\\/#breadcrumb\"},\"inLanguage\":\"es\",\"potentialAction\":[{\"@type\":\"ReadAction\",\"target\":[\"https:\\\/\\\/www.colombiamedicaltours.com\\\/user-registration\\\/\"]}]},{\"@type\":\"BreadcrumbList\",\"@id\":\"https:\\\/\\\/www.colombiamedicaltours.com\\\/user-registration\\\/#breadcrumb\",\"itemListElement\":[{\"@type\":\"ListItem\",\"position\":1,\"name\":\"Portada\",\"item\":\"https:\\\/\\\/www.colombiamedicaltours.com\\\/\"},{\"@type\":\"ListItem\",\"position\":2,\"name\":\"User Registration\"}]},{\"@type\":\"WebSite\",\"@id\":\"https:\\\/\\\/www.colombiamedicaltours.com\\\/#website\",\"url\":\"https:\\\/\\\/www.colombiamedicaltours.com\\\/\",\"name\":\"Colombia Medical Tours\",\"description\":\"Colombia Medical Tours ofrece servicios de turismo m\u00e9dico en Colombia, conectando a pacientes internacionales con profesionales de la salud de alta calidad. Brindan tratamientos est\u00e9ticos, odontol\u00f3gicos y m\u00e9dicos, con atenci\u00f3n personalizada y segura durante todo el proceso.\",\"publisher\":{\"@id\":\"https:\\\/\\\/www.colombiamedicaltours.com\\\/#organization\"},\"alternateName\":\"CMT\",\"potentialAction\":[{\"@type\":\"SearchAction\",\"target\":{\"@type\":\"EntryPoint\",\"urlTemplate\":\"https:\\\/\\\/www.colombiamedicaltours.com\\\/?s={search_term_string}\"},\"query-input\":{\"@type\":\"PropertyValueSpecification\",\"valueRequired\":true,\"valueName\":\"search_term_string\"}}],\"inLanguage\":\"es\"},{\"@type\":\"Organization\",\"@id\":\"https:\\\/\\\/www.colombiamedicaltours.com\\\/#organization\",\"name\":\"Colombia Medical Tours\",\"alternateName\":\"CMT\",\"url\":\"https:\\\/\\\/www.colombiamedicaltours.com\\\/\",\"logo\":{\"@type\":\"ImageObject\",\"inLanguage\":\"es\",\"@id\":\"https:\\\/\\\/www.colombiamedicaltours.com\\\/#\\\/schema\\\/logo\\\/image\\\/\",\"url\":\"https:\\\/\\\/www.colombiamedicaltours.com\\\/wp-content\\\/uploads\\\/2025\\\/02\\\/cropped-COLOMBIA-MEDICAL-TOURS-.COM-OFICIAL-2.png\",\"contentUrl\":\"https:\\\/\\\/www.colombiamedicaltours.com\\\/wp-content\\\/uploads\\\/2025\\\/02\\\/cropped-COLOMBIA-MEDICAL-TOURS-.COM-OFICIAL-2.png\",\"width\":512,\"height\":512,\"caption\":\"Colombia Medical Tours\"},\"image\":{\"@id\":\"https:\\\/\\\/www.colombiamedicaltours.com\\\/#\\\/schema\\\/logo\\\/image\\\/\"}}]}<\/script>\n<!-- \/ Yoast SEO plugin. -->","yoast_head_json":{"title":"User Registration - Colombia Medical Tours","robots":{"index":"index","follow":"follow","max-snippet":"max-snippet:-1","max-image-preview":"max-image-preview:large","max-video-preview":"max-video-preview:-1"},"canonical":"https:\/\/www.colombiamedicaltours.com\/es\/user-registration\/","og_locale":"es_ES","og_type":"article","og_title":"User Registration - Colombia Medical Tours","og_url":"https:\/\/www.colombiamedicaltours.com\/es\/user-registration\/","og_site_name":"Colombia Medical Tours","article_modified_time":"2025-05-29T17:47:27+00:00","og_image":[{"width":512,"height":512,"url":"https:\/\/www.colombiamedicaltours.com\/wp-content\/uploads\/2025\/02\/cropped-COLOMBIA-MEDICAL-TOURS-.COM-OFICIAL-2.png","type":"image\/png"}],"twitter_card":"summary_large_image","twitter_misc":{"Tiempo de lectura":"1 minuto"},"schema":{"@context":"https:\/\/schema.org","@graph":[{"@type":"WebPage","@id":"https:\/\/www.colombiamedicaltours.com\/user-registration\/","url":"https:\/\/www.colombiamedicaltours.com\/user-registration\/","name":"User Registration - Colombia Medical Tours","isPartOf":{"@id":"https:\/\/www.colombiamedicaltours.com\/#website"},"datePublished":"2025-05-29T17:41:25+00:00","dateModified":"2025-05-29T17:47:27+00:00","breadcrumb":{"@id":"https:\/\/www.colombiamedicaltours.com\/user-registration\/#breadcrumb"},"inLanguage":"es","potentialAction":[{"@type":"ReadAction","target":["https:\/\/www.colombiamedicaltours.com\/user-registration\/"]}]},{"@type":"BreadcrumbList","@id":"https:\/\/www.colombiamedicaltours.com\/user-registration\/#breadcrumb","itemListElement":[{"@type":"ListItem","position":1,"name":"Portada","item":"https:\/\/www.colombiamedicaltours.com\/"},{"@type":"ListItem","position":2,"name":"User Registration"}]},{"@type":"WebSite","@id":"https:\/\/www.colombiamedicaltours.com\/#website","url":"https:\/\/www.colombiamedicaltours.com\/","name":"Colombia Medical Tours","description":"Colombia Medical Tours ofrece servicios de turismo m\u00e9dico en Colombia, conectando a pacientes internacionales con profesionales de la salud de alta calidad. Brindan tratamientos est\u00e9ticos, odontol\u00f3gicos y m\u00e9dicos, con atenci\u00f3n personalizada y segura durante todo el proceso.","publisher":{"@id":"https:\/\/www.colombiamedicaltours.com\/#organization"},"alternateName":"CMT","potentialAction":[{"@type":"SearchAction","target":{"@type":"EntryPoint","urlTemplate":"https:\/\/www.colombiamedicaltours.com\/?s={search_term_string}"},"query-input":{"@type":"PropertyValueSpecification","valueRequired":true,"valueName":"search_term_string"}}],"inLanguage":"es"},{"@type":"Organization","@id":"https:\/\/www.colombiamedicaltours.com\/#organization","name":"Colombia Medical Tours","alternateName":"CMT","url":"https:\/\/www.colombiamedicaltours.com\/","logo":{"@type":"ImageObject","inLanguage":"es","@id":"https:\/\/www.colombiamedicaltours.com\/#\/schema\/logo\/image\/","url":"https:\/\/www.colombiamedicaltours.com\/wp-content\/uploads\/2025\/02\/cropped-COLOMBIA-MEDICAL-TOURS-.COM-OFICIAL-2.png","contentUrl":"https:\/\/www.colombiamedicaltours.com\/wp-content\/uploads\/2025\/02\/cropped-COLOMBIA-MEDICAL-TOURS-.COM-OFICIAL-2.png","width":512,"height":512,"caption":"Colombia Medical Tours"},"image":{"@id":"https:\/\/www.colombiamedicaltours.com\/#\/schema\/logo\/image\/"}}]}},"_links":{"self":[{"href":"https:\/\/www.colombiamedicaltours.com\/es\/wp-json\/wp\/v2\/pages\/2330","targetHints":{"allow":["GET"]}}],"collection":[{"href":"https:\/\/www.colombiamedicaltours.com\/es\/wp-json\/wp\/v2\/pages"}],"about":[{"href":"https:\/\/www.colombiamedicaltours.com\/es\/wp-json\/wp\/v2\/types\/page"}],"author":[{"embeddable":true,"href":"https:\/\/www.colombiamedicaltours.com\/es\/wp-json\/wp\/v2\/users\/1"}],"replies":[{"embeddable":true,"href":"https:\/\/www.colombiamedicaltours.com\/es\/wp-json\/wp\/v2\/comments?post=2330"}],"version-history":[{"count":5,"href":"https:\/\/www.colombiamedicaltours.com\/es\/wp-json\/wp\/v2\/pages\/2330\/revisions"}],"predecessor-version":[{"id":2335,"href":"https:\/\/www.colombiamedicaltours.com\/es\/wp-json\/wp\/v2\/pages\/2330\/revisions\/2335"}],"wp:attachment":[{"href":"https:\/\/www.colombiamedicaltours.com\/es\/wp-json\/wp\/v2\/media?parent=2330"}],"curies":[{"name":"wp","href":"https:\/\/api.w.org\/{rel}","templated":true}]}}