{"id":1438,"date":"2025-03-06T12:36:59","date_gmt":"2025-03-06T12:36:59","guid":{"rendered":"https:\/\/www.colombiamedicaltours.com\/?page_id=1438"},"modified":"2025-03-06T12:53:14","modified_gmt":"2025-03-06T12:53:14","slug":"privacy-policy","status":"publish","type":"page","link":"https:\/\/www.colombiamedicaltours.com\/es\/privacy-policy\/","title":{"rendered":"Pol\u00edtica de Privacidad"},"content":{"rendered":"<div data-elementor-type=\"wp-page\" data-elementor-id=\"1438\" class=\"elementor elementor-1438\" data-elementor-post-type=\"page\">\n\t\t\t\t<div class=\"elementor-element elementor-element-73feb7f e-flex e-con-boxed e-con e-parent\" data-id=\"73feb7f\" data-element_type=\"container\" data-e-type=\"container\">\n\t\t\t\t\t<div class=\"e-con-inner\">\n\t\t\t\t<div class=\"elementor-element elementor-element-644c74e elementor-widget elementor-widget-heading\" data-id=\"644c74e\" data-element_type=\"widget\" data-e-type=\"widget\" data-widget_type=\"heading.default\">\n\t\t\t\t<div class=\"elementor-widget-container\">\n\t\t\t\t\t<h1 class=\"elementor-heading-title elementor-size-default\">Pol\u00edtica de Privacidad<\/h1>\t\t\t\t<\/div>\n\t\t\t\t<\/div>\n\t\t\t\t<div class=\"elementor-element elementor-element-465b3a1 elementor-widget elementor-widget-text-editor\" data-id=\"465b3a1\" data-element_type=\"widget\" data-e-type=\"widget\" data-widget_type=\"text-editor.default\">\n\t\t\t\t<div class=\"elementor-widget-container\">\n\t\t\t\t\t\t\t\t\t<p data-pm-slice=\"1 1 []\">Bienvenido a Colombia Medical Tours. Su privacidad es importante para nosotros. Esta Pol\u00edtica de Privacidad explica c\u00f3mo recopilamos, usamos y protegemos su informaci\u00f3n personal.<\/p><h3>1. Informaci\u00f3n que recopilamos<\/h3><ul data-spread=\"false\"><li><p>Datos personales (nombre, correo electr\u00f3nico, n\u00famero de tel\u00e9fono, etc.) cuando se pone en contacto con nosotros.<\/p><\/li><li><p>Informaci\u00f3n de pago para reservar servicios.<\/p><\/li><li><p>Datos de uso del sitio web a trav\u00e9s de cookies y herramientas de an\u00e1lisis.<\/p><\/li><\/ul><h3>2. C\u00f3mo usamos su informaci\u00f3n<\/h3><ul data-spread=\"false\"><li><p>Proporcionar y gestionar nuestros servicios de turismo m\u00e9dico.<\/p><\/li><li><p>Para comunicarnos con usted acerca de sus reservas y consultas.<\/p><\/li><li><p>Para mejorar nuestro sitio web y nuestros servicios.<\/p><\/li><li><p>Para cumplir con obligaciones legales.<\/p><\/li><\/ul><h3>3. Intercambio de informaci\u00f3n<\/h3><ul data-spread=\"false\"><li><p>No vendemos sus datos personales.<\/p><\/li><li><p>Podemos compartir informaci\u00f3n con socios de confianza para la prestaci\u00f3n de servicios.<\/p><\/li><li><p>Podemos divulgar informaci\u00f3n si la ley lo requiere.<\/p><\/li><\/ul><h3>4. Seguridad de los datos<\/h3><ul data-spread=\"false\"><li><p>Implementamos medidas de seguridad para proteger su informaci\u00f3n.<\/p><\/li><li><p>Sin embargo, ninguna transmisi\u00f3n de datos en l\u00ednea es completamente segura.<\/p><\/li><\/ul><h3>5. Sus derechos<\/h3><ul data-spread=\"false\"><li><p>Puede solicitar el acceso, la correcci\u00f3n o la eliminaci\u00f3n de sus datos.<\/p><\/li><li><p>Usted puede optar por no recibir comunicaciones de marketing.<\/p><\/li><\/ul><h3>6. Contacta con nosotros<\/h3><p>Si tienes alguna pregunta, cont\u00e1ctanos en <strong>colombiamedicaltours.com@gmail.com<\/strong>.<\/p><div><hr \/><\/div>\t\t\t\t\t\t\t\t<\/div>\n\t\t\t\t<\/div>\n\t\t\t\t\t<\/div>\n\t\t\t\t<\/div>\n\t\t\t\t<\/div>","protected":false},"excerpt":{"rendered":"<p>Privacy Policy Welcome to Colombia Medical Tours. Your privacy is important to us. This Privacy Policy explains how we collect, use, and protect your personal information. 1. Information We Collect Personal details (name, email, phone number, etc.) when you contact us. Payment information for booking services. Website usage data through cookies and analytics tools. 2. [&hellip;]<\/p>\n","protected":false},"author":1,"featured_media":0,"parent":0,"menu_order":0,"comment_status":"closed","ping_status":"closed","template":"elementor_header_footer","meta":{"footnotes":""},"class_list":["post-1438","page","type-page","status-publish","hentry"],"yoast_head":"<!-- This site is optimized with the Yoast SEO plugin v27.3 - https:\/\/yoast.com\/product\/yoast-seo-wordpress\/ -->\n<title>Privacy Policy - Colombia Medical Tours<\/title>\n<meta name=\"robots\" content=\"index, follow, max-snippet:-1, max-image-preview:large, max-video-preview:-1\" \/>\n<link rel=\"canonical\" href=\"https:\/\/www.colombiamedicaltours.com\/es\/privacy-policy\/\" \/>\n<meta property=\"og:locale\" content=\"es_ES\" \/>\n<meta property=\"og:type\" content=\"article\" \/>\n<meta property=\"og:title\" content=\"Privacy Policy - Colombia Medical Tours\" \/>\n<meta property=\"og:description\" content=\"Privacy Policy Welcome to Colombia Medical Tours. Your privacy is important to us. This Privacy Policy explains how we collect, use, and protect your personal information. 1. Information We Collect Personal details (name, email, phone number, etc.) when you contact us. Payment information for booking services. Website usage data through cookies and analytics tools. 2. [&hellip;]\" \/>\n<meta property=\"og:url\" content=\"https:\/\/www.colombiamedicaltours.com\/es\/privacy-policy\/\" \/>\n<meta property=\"og:site_name\" content=\"Colombia Medical Tours\" \/>\n<meta property=\"article:modified_time\" content=\"2025-03-06T12:53:14+00:00\" \/>\n<meta property=\"og:image\" content=\"https:\/\/www.colombiamedicaltours.com\/wp-content\/uploads\/2025\/02\/cropped-COLOMBIA-MEDICAL-TOURS-.COM-OFICIAL-2.png\" \/>\n\t<meta property=\"og:image:width\" content=\"512\" \/>\n\t<meta property=\"og:image:height\" content=\"512\" \/>\n\t<meta property=\"og:image:type\" content=\"image\/png\" \/>\n<meta name=\"twitter:card\" content=\"summary_large_image\" \/>\n<meta name=\"twitter:label1\" content=\"Tiempo de lectura\" \/>\n\t<meta name=\"twitter:data1\" content=\"1 minuto\" \/>\n<script type=\"application\/ld+json\" class=\"yoast-schema-graph\">{\"@context\":\"https:\\\/\\\/schema.org\",\"@graph\":[{\"@type\":\"WebPage\",\"@id\":\"https:\\\/\\\/www.colombiamedicaltours.com\\\/privacy-policy\\\/\",\"url\":\"https:\\\/\\\/www.colombiamedicaltours.com\\\/privacy-policy\\\/\",\"name\":\"Privacy Policy - Colombia Medical Tours\",\"isPartOf\":{\"@id\":\"https:\\\/\\\/www.colombiamedicaltours.com\\\/#website\"},\"datePublished\":\"2025-03-06T12:36:59+00:00\",\"dateModified\":\"2025-03-06T12:53:14+00:00\",\"breadcrumb\":{\"@id\":\"https:\\\/\\\/www.colombiamedicaltours.com\\\/privacy-policy\\\/#breadcrumb\"},\"inLanguage\":\"es\",\"potentialAction\":[{\"@type\":\"ReadAction\",\"target\":[\"https:\\\/\\\/www.colombiamedicaltours.com\\\/privacy-policy\\\/\"]}]},{\"@type\":\"BreadcrumbList\",\"@id\":\"https:\\\/\\\/www.colombiamedicaltours.com\\\/privacy-policy\\\/#breadcrumb\",\"itemListElement\":[{\"@type\":\"ListItem\",\"position\":1,\"name\":\"Portada\",\"item\":\"https:\\\/\\\/www.colombiamedicaltours.com\\\/\"},{\"@type\":\"ListItem\",\"position\":2,\"name\":\"Privacy Policy\"}]},{\"@type\":\"WebSite\",\"@id\":\"https:\\\/\\\/www.colombiamedicaltours.com\\\/#website\",\"url\":\"https:\\\/\\\/www.colombiamedicaltours.com\\\/\",\"name\":\"Colombia Medical Tours\",\"description\":\"Colombia Medical Tours ofrece servicios de turismo m\u00e9dico en Colombia, conectando a pacientes internacionales con profesionales de la salud de alta calidad. Brindan tratamientos est\u00e9ticos, odontol\u00f3gicos y m\u00e9dicos, con atenci\u00f3n personalizada y segura durante todo el proceso.\",\"publisher\":{\"@id\":\"https:\\\/\\\/www.colombiamedicaltours.com\\\/#organization\"},\"alternateName\":\"CMT\",\"potentialAction\":[{\"@type\":\"SearchAction\",\"target\":{\"@type\":\"EntryPoint\",\"urlTemplate\":\"https:\\\/\\\/www.colombiamedicaltours.com\\\/?s={search_term_string}\"},\"query-input\":{\"@type\":\"PropertyValueSpecification\",\"valueRequired\":true,\"valueName\":\"search_term_string\"}}],\"inLanguage\":\"es\"},{\"@type\":\"Organization\",\"@id\":\"https:\\\/\\\/www.colombiamedicaltours.com\\\/#organization\",\"name\":\"Colombia Medical Tours\",\"alternateName\":\"CMT\",\"url\":\"https:\\\/\\\/www.colombiamedicaltours.com\\\/\",\"logo\":{\"@type\":\"ImageObject\",\"inLanguage\":\"es\",\"@id\":\"https:\\\/\\\/www.colombiamedicaltours.com\\\/#\\\/schema\\\/logo\\\/image\\\/\",\"url\":\"https:\\\/\\\/www.colombiamedicaltours.com\\\/wp-content\\\/uploads\\\/2025\\\/02\\\/cropped-COLOMBIA-MEDICAL-TOURS-.COM-OFICIAL-2.png\",\"contentUrl\":\"https:\\\/\\\/www.colombiamedicaltours.com\\\/wp-content\\\/uploads\\\/2025\\\/02\\\/cropped-COLOMBIA-MEDICAL-TOURS-.COM-OFICIAL-2.png\",\"width\":512,\"height\":512,\"caption\":\"Colombia Medical Tours\"},\"image\":{\"@id\":\"https:\\\/\\\/www.colombiamedicaltours.com\\\/#\\\/schema\\\/logo\\\/image\\\/\"}}]}<\/script>\n<!-- \/ Yoast SEO plugin. -->","yoast_head_json":{"title":"Privacy Policy - Colombia Medical Tours","robots":{"index":"index","follow":"follow","max-snippet":"max-snippet:-1","max-image-preview":"max-image-preview:large","max-video-preview":"max-video-preview:-1"},"canonical":"https:\/\/www.colombiamedicaltours.com\/es\/privacy-policy\/","og_locale":"es_ES","og_type":"article","og_title":"Privacy Policy - Colombia Medical Tours","og_description":"Privacy Policy Welcome to Colombia Medical Tours. Your privacy is important to us. This Privacy Policy explains how we collect, use, and protect your personal information. 1. Information We Collect Personal details (name, email, phone number, etc.) when you contact us. Payment information for booking services. Website usage data through cookies and analytics tools. 2. [&hellip;]","og_url":"https:\/\/www.colombiamedicaltours.com\/es\/privacy-policy\/","og_site_name":"Colombia Medical Tours","article_modified_time":"2025-03-06T12:53:14+00:00","og_image":[{"width":512,"height":512,"url":"https:\/\/www.colombiamedicaltours.com\/wp-content\/uploads\/2025\/02\/cropped-COLOMBIA-MEDICAL-TOURS-.COM-OFICIAL-2.png","type":"image\/png"}],"twitter_card":"summary_large_image","twitter_misc":{"Tiempo de lectura":"1 minuto"},"schema":{"@context":"https:\/\/schema.org","@graph":[{"@type":"WebPage","@id":"https:\/\/www.colombiamedicaltours.com\/privacy-policy\/","url":"https:\/\/www.colombiamedicaltours.com\/privacy-policy\/","name":"Privacy Policy - Colombia Medical Tours","isPartOf":{"@id":"https:\/\/www.colombiamedicaltours.com\/#website"},"datePublished":"2025-03-06T12:36:59+00:00","dateModified":"2025-03-06T12:53:14+00:00","breadcrumb":{"@id":"https:\/\/www.colombiamedicaltours.com\/privacy-policy\/#breadcrumb"},"inLanguage":"es","potentialAction":[{"@type":"ReadAction","target":["https:\/\/www.colombiamedicaltours.com\/privacy-policy\/"]}]},{"@type":"BreadcrumbList","@id":"https:\/\/www.colombiamedicaltours.com\/privacy-policy\/#breadcrumb","itemListElement":[{"@type":"ListItem","position":1,"name":"Portada","item":"https:\/\/www.colombiamedicaltours.com\/"},{"@type":"ListItem","position":2,"name":"Privacy Policy"}]},{"@type":"WebSite","@id":"https:\/\/www.colombiamedicaltours.com\/#website","url":"https:\/\/www.colombiamedicaltours.com\/","name":"Colombia Medical Tours","description":"Colombia Medical Tours ofrece servicios de turismo m\u00e9dico en Colombia, conectando a pacientes internacionales con profesionales de la salud de alta calidad. Brindan tratamientos est\u00e9ticos, odontol\u00f3gicos y m\u00e9dicos, con atenci\u00f3n personalizada y segura durante todo el proceso.","publisher":{"@id":"https:\/\/www.colombiamedicaltours.com\/#organization"},"alternateName":"CMT","potentialAction":[{"@type":"SearchAction","target":{"@type":"EntryPoint","urlTemplate":"https:\/\/www.colombiamedicaltours.com\/?s={search_term_string}"},"query-input":{"@type":"PropertyValueSpecification","valueRequired":true,"valueName":"search_term_string"}}],"inLanguage":"es"},{"@type":"Organization","@id":"https:\/\/www.colombiamedicaltours.com\/#organization","name":"Colombia Medical Tours","alternateName":"CMT","url":"https:\/\/www.colombiamedicaltours.com\/","logo":{"@type":"ImageObject","inLanguage":"es","@id":"https:\/\/www.colombiamedicaltours.com\/#\/schema\/logo\/image\/","url":"https:\/\/www.colombiamedicaltours.com\/wp-content\/uploads\/2025\/02\/cropped-COLOMBIA-MEDICAL-TOURS-.COM-OFICIAL-2.png","contentUrl":"https:\/\/www.colombiamedicaltours.com\/wp-content\/uploads\/2025\/02\/cropped-COLOMBIA-MEDICAL-TOURS-.COM-OFICIAL-2.png","width":512,"height":512,"caption":"Colombia Medical Tours"},"image":{"@id":"https:\/\/www.colombiamedicaltours.com\/#\/schema\/logo\/image\/"}}]}},"_links":{"self":[{"href":"https:\/\/www.colombiamedicaltours.com\/es\/wp-json\/wp\/v2\/pages\/1438","targetHints":{"allow":["GET"]}}],"collection":[{"href":"https:\/\/www.colombiamedicaltours.com\/es\/wp-json\/wp\/v2\/pages"}],"about":[{"href":"https:\/\/www.colombiamedicaltours.com\/es\/wp-json\/wp\/v2\/types\/page"}],"author":[{"embeddable":true,"href":"https:\/\/www.colombiamedicaltours.com\/es\/wp-json\/wp\/v2\/users\/1"}],"replies":[{"embeddable":true,"href":"https:\/\/www.colombiamedicaltours.com\/es\/wp-json\/wp\/v2\/comments?post=1438"}],"version-history":[{"count":7,"href":"https:\/\/www.colombiamedicaltours.com\/es\/wp-json\/wp\/v2\/pages\/1438\/revisions"}],"predecessor-version":[{"id":1448,"href":"https:\/\/www.colombiamedicaltours.com\/es\/wp-json\/wp\/v2\/pages\/1438\/revisions\/1448"}],"wp:attachment":[{"href":"https:\/\/www.colombiamedicaltours.com\/es\/wp-json\/wp\/v2\/media?parent=1438"}],"curies":[{"name":"wp","href":"https:\/\/api.w.org\/{rel}","templated":true}]}}